{"id":19,"date":"2017-10-10T10:50:59","date_gmt":"2017-10-10T10:50:59","guid":{"rendered":"https:\/\/ahlversheizungsbau.de\/?page_id=19"},"modified":"2025-10-28T22:46:44","modified_gmt":"2025-10-28T22:46:44","slug":"about","status":"publish","type":"page","link":"https:\/\/ahlversheizungsbau.de\/?page_id=19","title":{"rendered":"\u00dcber mich"},"content":{"rendered":"\t\t<div data-elementor-type=\"wp-post\" data-elementor-id=\"19\" class=\"elementor elementor-19\" data-elementor-post-type=\"page\">\n\t\t\t\t\t\t<section class=\"elementor-section elementor-top-section elementor-element elementor-element-5ca9ccd elementor-section-full_width elementor-section-height-min-height elementor-section-height-default elementor-section-items-middle\" data-id=\"5ca9ccd\" data-element_type=\"section\" data-e-type=\"section\" data-settings=\"{&quot;background_background&quot;:&quot;classic&quot;}\">\n\t\t\t\t\t\t<div class=\"elementor-container elementor-column-gap-default\">\n\t\t\t\t\t<div class=\"elementor-column elementor-col-100 elementor-top-column elementor-element elementor-element-8dc5702\" data-id=\"8dc5702\" data-element_type=\"column\" data-e-type=\"column\">\n\t\t\t<div class=\"elementor-widget-wrap\">\n\t\t\t\t\t\t\t<\/div>\n\t\t<\/div>\n\t\t\t\t\t<\/div>\n\t\t<\/section>\n\t\t\t\t<section class=\"elementor-section elementor-top-section elementor-element elementor-element-pk3q5sr elementor-section-boxed elementor-section-height-default elementor-section-height-default\" data-id=\"pk3q5sr\" data-element_type=\"section\" data-e-type=\"section\" data-settings=\"{&quot;background_background&quot;:&quot;classic&quot;}\">\n\t\t\t\t\t\t<div class=\"elementor-container elementor-column-gap-default\">\n\t\t\t\t\t<div class=\"elementor-column elementor-col-33 elementor-top-column elementor-element elementor-element-cikosvt\" data-id=\"cikosvt\" data-element_type=\"column\" data-e-type=\"column\">\n\t\t\t<div class=\"elementor-widget-wrap\">\n\t\t\t\t\t\t\t<\/div>\n\t\t<\/div>\n\t\t\t\t<div class=\"elementor-column elementor-col-33 elementor-top-column elementor-element elementor-element-it0ehvw\" data-id=\"it0ehvw\" data-element_type=\"column\" data-e-type=\"column\" data-settings=\"{&quot;background_background&quot;:&quot;classic&quot;}\">\n\t\t\t<div class=\"elementor-widget-wrap elementor-element-populated\">\n\t\t\t\t\t\t<div class=\"elementor-element elementor-element-89c3c17 elementor-widget elementor-widget-spacer\" data-id=\"89c3c17\" data-element_type=\"widget\" data-e-type=\"widget\" data-widget_type=\"spacer.default\">\n\t\t\t\t<div class=\"elementor-widget-container\">\n\t\t\t\t\t\t\t<div class=\"elementor-spacer\">\n\t\t\t<div class=\"elementor-spacer-inner\"><\/div>\n\t\t<\/div>\n\t\t\t\t\t\t<\/div>\n\t\t\t\t<\/div>\n\t\t\t\t<div class=\"elementor-element elementor-element-2wwf9s0 elementor-widget elementor-widget-image\" data-id=\"2wwf9s0\" data-element_type=\"widget\" data-e-type=\"widget\" data-widget_type=\"image.default\">\n\t\t\t\t<div class=\"elementor-widget-container\">\n\t\t\t\t\t\t\t\t\t\t\t\t\t\t\t<img decoding=\"async\" width=\"200\" height=\"200\" src=\"https:\/\/ahlversheizungsbau.de\/wp-content\/uploads\/2017\/11\/matthias-AHLVERS-200x200.jpg\" class=\"attachment-thumbnail size-thumbnail wp-image-839\" alt=\"\" srcset=\"https:\/\/ahlversheizungsbau.de\/wp-content\/uploads\/2017\/11\/matthias-AHLVERS-200x200.jpg 200w, https:\/\/ahlversheizungsbau.de\/wp-content\/uploads\/2017\/11\/matthias-AHLVERS-300x300.jpg 300w, https:\/\/ahlversheizungsbau.de\/wp-content\/uploads\/2017\/11\/matthias-AHLVERS-768x764.jpg 768w, https:\/\/ahlversheizungsbau.de\/wp-content\/uploads\/2017\/11\/matthias-AHLVERS.jpg 1000w\" sizes=\"(max-width: 200px) 100vw, 200px\" \/>\t\t\t\t\t\t\t\t\t\t\t\t\t\t\t<\/div>\n\t\t\t\t<\/div>\n\t\t\t\t<div class=\"elementor-element elementor-element-7l5lrtd elementor-widget elementor-widget-spacer\" data-id=\"7l5lrtd\" data-element_type=\"widget\" data-e-type=\"widget\" data-widget_type=\"spacer.default\">\n\t\t\t\t<div class=\"elementor-widget-container\">\n\t\t\t\t\t\t\t<div class=\"elementor-spacer\">\n\t\t\t<div class=\"elementor-spacer-inner\"><\/div>\n\t\t<\/div>\n\t\t\t\t\t\t<\/div>\n\t\t\t\t<\/div>\n\t\t\t\t<div class=\"elementor-element elementor-element-juve1zp elementor-widget elementor-widget-heading\" data-id=\"juve1zp\" data-element_type=\"widget\" data-e-type=\"widget\" data-widget_type=\"heading.default\">\n\t\t\t\t<div class=\"elementor-widget-container\">\n\t\t\t\t\t<h2 class=\"elementor-heading-title elementor-size-default\">Guten Morgen!<br><\/h2>\t\t\t\t<\/div>\n\t\t\t\t<\/div>\n\t\t\t\t<div class=\"elementor-element elementor-element-4rm27ny elementor-widget elementor-widget-text-editor\" data-id=\"4rm27ny\" data-element_type=\"widget\" data-e-type=\"widget\" data-widget_type=\"text-editor.default\">\n\t\t\t\t<div class=\"elementor-widget-container\">\n\t\t\t\t\t\t\t\t\t<p>\u00a0<\/p><p>Vielen Dank f\u00fcr Ihr Interesse an Ahlvers Heizungsbau.<\/p><p>Mein Name ist Matthias Ahlvers, und ich stehe Ihnen als erfahrener Fachmann im Bereich Heizungsbau zur Verf\u00fcgung. Mit meiner Ausbildung als Kesselbauer, Elektroniker und Heizungsbauer sowie dem Meistertitel im Heizungsbau biete ich Ihnen umfassende Expertise in der Heiztechnik.<\/p><p>Regelm\u00e4\u00dfige Fortbildungen und Zertifizierungen sind f\u00fcr mich selbstverst\u00e4ndlich \u2013 nicht nur, um gesetzliche und technische Anforderungen zu erf\u00fcllen, sondern auch, um Ihnen stets moderne, sichere und effiziente L\u00f6sungen anbieten zu k\u00f6nnen. Qualit\u00e4t, Sicherheit und Umweltbewusstsein stehen dabei an oberster Stelle.<\/p><p>Ein besonderes Anliegen ist mir der nachhaltige und ressourcenschonende Umgang mit Energie. Neben der Installation innovativer Heiztechnik liegt mein Fokus auch darauf, bestehende Heizsysteme zu optimieren. Viele \u00e4ltere Anlagen lassen sich durch gezielte Modernisierungsma\u00dfnahmen auf den neuesten Stand bringen, um ihre Effizienz zu steigern und Betriebskosten zu senken \u2013 ohne dabei direkt eine komplette Neuanschaffung zu erfordern. Mein Ziel ist es, sowohl neue als auch bew\u00e4hrte Heizsysteme so auszurichten, dass sie wirtschaftlich arbeiten und zur Reduzierung des CO\u2082-Aussto\u00dfes beitragen.<\/p><p>Bei Ahlvers Heizungsbau erhalten Sie nicht nur fachgerechte und zuverl\u00e4ssige Arbeit, sondern auch eine zukunftsorientierte Beratung f\u00fcr nachhaltige Heizl\u00f6sungen.\u00a0<\/p><p>Ich freue mich darauf, Sie mit meinem Fachwissen und meiner Leidenschaft f\u00fcr moderne Heizungstechnik zu unterst\u00fctzen.<\/p><p>Matthias Ahlvers<br \/>Ahlvers Heizungsbau<\/p>\t\t\t\t\t\t\t\t<\/div>\n\t\t\t\t<\/div>\n\t\t\t\t<div class=\"elementor-element elementor-element-hau07x6 elementor-widget elementor-widget-heading\" data-id=\"hau07x6\" data-element_type=\"widget\" data-e-type=\"widget\" data-widget_type=\"heading.default\">\n\t\t\t\t<div class=\"elementor-widget-container\">\n\t\t\t\t\t<h1 class=\"elementor-heading-title elementor-size-default\">Heizungsbauer in der dritten Generation!<\/h1>\t\t\t\t<\/div>\n\t\t\t\t<\/div>\n\t\t\t\t<div class=\"elementor-element elementor-element-tsb0chy elementor-widget elementor-widget-text-editor\" data-id=\"tsb0chy\" data-element_type=\"widget\" data-e-type=\"widget\" data-widget_type=\"text-editor.default\">\n\t\t\t\t<div class=\"elementor-widget-container\">\n\t\t\t\t\t\t\t\t\t<p class=\"p1\">Schon mein Grossvater gr\u00fcndete 1946 sein eigenes Unternehmen &#8222;Minx\u00a0Heizungsbau&#8220;\u00a0 und mein Vater f\u00fchrte jahrelang erfolgreich die &#8222;Ahlvers Oel- und Heizungstechnik&#8220; in Sch\u00f6neberg. Somit<span class=\"Apple-converted-space\">\u00a0 <\/span>f\u00fchre ich eine lange Familientradition fort.<\/p><p>\u00a0<\/p>\t\t\t\t\t\t\t\t<\/div>\n\t\t\t\t<\/div>\n\t\t\t\t<div class=\"elementor-element elementor-element-7ro4bx3 elementor-widget elementor-widget-heading\" data-id=\"7ro4bx3\" data-element_type=\"widget\" data-e-type=\"widget\" data-widget_type=\"heading.default\">\n\t\t\t\t<div class=\"elementor-widget-container\">\n\t\t\t\t\t<h1 class=\"elementor-heading-title elementor-size-default\">Nutzen Sie meine Kompetenz!<\/h1>\t\t\t\t<\/div>\n\t\t\t\t<\/div>\n\t\t\t\t<div class=\"elementor-element elementor-element-novg4dw elementor-widget elementor-widget-text-editor\" data-id=\"novg4dw\" data-element_type=\"widget\" data-e-type=\"widget\" data-widget_type=\"text-editor.default\">\n\t\t\t\t<div class=\"elementor-widget-container\">\n\t\t\t\t\t\t\t\t\t<p class=\"p1\">Alte und neue Kunden profitieren von meinem gro\u00dfen Erfahrungsschatz und fundierten Kenntnissen in Sachen Heizungstechnik.<\/p><p>\u00a0<\/p>\t\t\t\t\t\t\t\t<\/div>\n\t\t\t\t<\/div>\n\t\t\t\t<div class=\"elementor-element elementor-element-58f1107 elementor-widget elementor-widget-image\" data-id=\"58f1107\" data-element_type=\"widget\" data-e-type=\"widget\" data-widget_type=\"image.default\">\n\t\t\t\t<div class=\"elementor-widget-container\">\n\t\t\t\t\t\t\t\t\t\t\t\t\t\t\t<img decoding=\"async\" src=\"https:\/\/ahlversheizungsbau.de\/wp-content\/uploads\/elementor\/thumbs\/AH_sma_green-ra5w0t4kxfmrem166ob7476radhd00lzc9qlkcm8e8.png\" title=\"AH_sma_green\" alt=\"AH_sma_green\" loading=\"lazy\" \/>\t\t\t\t\t\t\t\t\t\t\t\t\t\t\t<\/div>\n\t\t\t\t<\/div>\n\t\t\t\t\t<\/div>\n\t\t<\/div>\n\t\t\t\t<div class=\"elementor-column elementor-col-33 elementor-top-column elementor-element elementor-element-rkq9sm3\" data-id=\"rkq9sm3\" data-element_type=\"column\" data-e-type=\"column\">\n\t\t\t<div class=\"elementor-widget-wrap\">\n\t\t\t\t\t\t\t<\/div>\n\t\t<\/div>\n\t\t\t\t\t<\/div>\n\t\t<\/section>\n\t\t\t\t<section class=\"elementor-section elementor-top-section elementor-element elementor-element-gfsm424 elementor-section-boxed elementor-section-height-default elementor-section-height-default\" data-id=\"gfsm424\" data-element_type=\"section\" data-e-type=\"section\">\n\t\t\t\t\t\t<div class=\"elementor-container elementor-column-gap-default\">\n\t\t\t\t\t<div class=\"elementor-column elementor-col-100 elementor-top-column elementor-element elementor-element-htzr6fg\" data-id=\"htzr6fg\" data-element_type=\"column\" data-e-type=\"column\">\n\t\t\t<div class=\"elementor-widget-wrap elementor-element-populated\">\n\t\t\t\t\t\t<div class=\"elementor-element elementor-element-dtoo0bm elementor-widget elementor-widget-spacer\" data-id=\"dtoo0bm\" data-element_type=\"widget\" data-e-type=\"widget\" data-widget_type=\"spacer.default\">\n\t\t\t\t<div class=\"elementor-widget-container\">\n\t\t\t\t\t\t\t<div class=\"elementor-spacer\">\n\t\t\t<div class=\"elementor-spacer-inner\"><\/div>\n\t\t<\/div>\n\t\t\t\t\t\t<\/div>\n\t\t\t\t<\/div>\n\t\t\t\t\t<\/div>\n\t\t<\/div>\n\t\t\t\t\t<\/div>\n\t\t<\/section>\n\t\t\t\t<section class=\"elementor-section elementor-top-section elementor-element elementor-element-4rkyc1c elementor-section-boxed elementor-section-height-default elementor-section-height-default\" data-id=\"4rkyc1c\" data-element_type=\"section\" data-e-type=\"section\">\n\t\t\t\t\t\t<div class=\"elementor-container elementor-column-gap-default\">\n\t\t\t\t\t<div class=\"elementor-column elementor-col-100 elementor-top-column elementor-element elementor-element-9s6036z\" data-id=\"9s6036z\" data-element_type=\"column\" data-e-type=\"column\">\n\t\t\t<div class=\"elementor-widget-wrap elementor-element-populated\">\n\t\t\t\t\t\t<div class=\"elementor-element elementor-element-i4gy5c2 elementor-widget elementor-widget-spacer\" data-id=\"i4gy5c2\" data-element_type=\"widget\" data-e-type=\"widget\" data-widget_type=\"spacer.default\">\n\t\t\t\t<div class=\"elementor-widget-container\">\n\t\t\t\t\t\t\t<div class=\"elementor-spacer\">\n\t\t\t<div class=\"elementor-spacer-inner\"><\/div>\n\t\t<\/div>\n\t\t\t\t\t\t<\/div>\n\t\t\t\t<\/div>\n\t\t\t\t\t<\/div>\n\t\t<\/div>\n\t\t\t\t\t<\/div>\n\t\t<\/section>\n\t\t\t\t<\/div>\n\t\t","protected":false},"excerpt":{"rendered":"<p>Guten Morgen! \u00a0 Vielen Dank f\u00fcr Ihr Interesse an Ahlvers Heizungsbau. Mein Name ist Matthias Ahlvers, und ich stehe Ihnen als erfahrener Fachmann im Bereich Heizungsbau zur Verf\u00fcgung. Mit meiner Ausbildung als Kesselbauer, Elektroniker und Heizungsbauer sowie dem Meistertitel im Heizungsbau biete ich Ihnen umfassende Expertise in der Heiztechnik. Regelm\u00e4\u00dfige Fortbildungen und Zertifizierungen sind f\u00fcr [&hellip;]<\/p>\n","protected":false},"author":1,"featured_media":0,"parent":0,"menu_order":0,"comment_status":"closed","ping_status":"closed","template":"","meta":{"footnotes":""},"class_list":["post-19","page","type-page","status-publish","hentry"],"_links":{"self":[{"href":"https:\/\/ahlversheizungsbau.de\/index.php?rest_route=\/wp\/v2\/pages\/19","targetHints":{"allow":["GET"]}}],"collection":[{"href":"https:\/\/ahlversheizungsbau.de\/index.php?rest_route=\/wp\/v2\/pages"}],"about":[{"href":"https:\/\/ahlversheizungsbau.de\/index.php?rest_route=\/wp\/v2\/types\/page"}],"author":[{"embeddable":true,"href":"https:\/\/ahlversheizungsbau.de\/index.php?rest_route=\/wp\/v2\/users\/1"}],"replies":[{"embeddable":true,"href":"https:\/\/ahlversheizungsbau.de\/index.php?rest_route=%2Fwp%2Fv2%2Fcomments&post=19"}],"version-history":[{"count":99,"href":"https:\/\/ahlversheizungsbau.de\/index.php?rest_route=\/wp\/v2\/pages\/19\/revisions"}],"predecessor-version":[{"id":3254,"href":"https:\/\/ahlversheizungsbau.de\/index.php?rest_route=\/wp\/v2\/pages\/19\/revisions\/3254"}],"wp:attachment":[{"href":"https:\/\/ahlversheizungsbau.de\/index.php?rest_route=%2Fwp%2Fv2%2Fmedia&parent=19"}],"curies":[{"name":"wp","href":"https:\/\/api.w.org\/{rel}","templated":true}]}}