{"id":112,"date":"2017-10-15T08:38:42","date_gmt":"2017-10-15T08:38:42","guid":{"rendered":"https:\/\/ahlversheizungsbau.de\/?page_id=112"},"modified":"2025-08-12T19:46:11","modified_gmt":"2025-08-12T19:46:11","slug":"imprint","status":"publish","type":"page","link":"https:\/\/ahlversheizungsbau.de\/?page_id=112","title":{"rendered":"Impressum\/Datenschutz\/Cookies"},"content":{"rendered":"\t\t<div data-elementor-type=\"wp-post\" data-elementor-id=\"112\" class=\"elementor elementor-112\" data-elementor-post-type=\"page\">\n\t\t\t\t\t\t<section class=\"elementor-section elementor-top-section elementor-element elementor-element-5zhmhid elementor-section-boxed elementor-section-height-default elementor-section-height-default\" data-id=\"5zhmhid\" data-element_type=\"section\" data-e-type=\"section\" data-settings=\"{&quot;background_background&quot;:&quot;classic&quot;}\">\n\t\t\t\t\t\t<div class=\"elementor-container elementor-column-gap-default\">\n\t\t\t\t\t<div class=\"elementor-column elementor-col-100 elementor-top-column elementor-element elementor-element-2bmjcci\" data-id=\"2bmjcci\" data-element_type=\"column\" data-e-type=\"column\" data-settings=\"{&quot;background_background&quot;:&quot;classic&quot;}\">\n\t\t\t<div class=\"elementor-widget-wrap elementor-element-populated\">\n\t\t\t\t\t\t<div class=\"elementor-element elementor-element-49lyiih elementor-widget elementor-widget-accordion\" data-id=\"49lyiih\" data-element_type=\"widget\" data-e-type=\"widget\" data-widget_type=\"accordion.default\">\n\t\t\t\t<div class=\"elementor-widget-container\">\n\t\t\t\t\t\t\t<div class=\"elementor-accordion\">\n\t\t\t\t\t\t\t<div class=\"elementor-accordion-item\">\n\t\t\t\t\t<div id=\"elementor-tab-title-731\" class=\"elementor-tab-title\" data-tab=\"1\" role=\"button\" aria-controls=\"elementor-tab-content-731\" aria-expanded=\"false\">\n\t\t\t\t\t\t\t\t\t\t\t\t\t<span class=\"elementor-accordion-icon elementor-accordion-icon-left\" aria-hidden=\"true\">\n\t\t\t\t\t\t\t\t\t\t\t\t\t\t\t<span class=\"elementor-accordion-icon-closed\"><i class=\"fas fa-caret-square-down\"><\/i><\/span>\n\t\t\t\t\t\t\t\t<span class=\"elementor-accordion-icon-opened\"><i class=\"far fa-play-circle\"><\/i><\/span>\n\t\t\t\t\t\t\t\t\t\t\t\t\t\t<\/span>\n\t\t\t\t\t\t\t\t\t\t\t\t<a class=\"elementor-accordion-title\" tabindex=\"0\">Impressum<\/a>\n\t\t\t\t\t<\/div>\n\t\t\t\t\t<div id=\"elementor-tab-content-731\" class=\"elementor-tab-content elementor-clearfix\" data-tab=\"1\" role=\"region\" aria-labelledby=\"elementor-tab-title-731\"><p>Ahlvers Heizungsbau<br \/>Matthias Ahlvers<\/p><p>Adresse:<br \/>Albrechtstr. 127<br \/>12099 Berlin<\/p><p>Tel. 030- 25324544<br \/>service@ahlversheizungsbau.de<\/p><\/div>\n\t\t\t\t<\/div>\n\t\t\t\t\t\t\t<div class=\"elementor-accordion-item\">\n\t\t\t\t\t<div id=\"elementor-tab-title-732\" class=\"elementor-tab-title\" data-tab=\"2\" role=\"button\" aria-controls=\"elementor-tab-content-732\" aria-expanded=\"false\">\n\t\t\t\t\t\t\t\t\t\t\t\t\t<span class=\"elementor-accordion-icon elementor-accordion-icon-left\" aria-hidden=\"true\">\n\t\t\t\t\t\t\t\t\t\t\t\t\t\t\t<span class=\"elementor-accordion-icon-closed\"><i class=\"fas fa-caret-square-down\"><\/i><\/span>\n\t\t\t\t\t\t\t\t<span class=\"elementor-accordion-icon-opened\"><i class=\"far fa-play-circle\"><\/i><\/span>\n\t\t\t\t\t\t\t\t\t\t\t\t\t\t<\/span>\n\t\t\t\t\t\t\t\t\t\t\t\t<a class=\"elementor-accordion-title\" tabindex=\"0\">Markenschutz<\/a>\n\t\t\t\t\t<\/div>\n\t\t\t\t\t<div id=\"elementor-tab-content-732\" class=\"elementor-tab-content elementor-clearfix\" data-tab=\"2\" role=\"region\" aria-labelledby=\"elementor-tab-title-732\"><p>Die Verwendung von gesch\u00fctzten Markennamen, Handelsnamen, Gebrauchsmuster und Markenlogos auf dieser Webseite stellt keine Urheberrechts-Verletzung dar, sondern dient als illustrativer Hinweis. Auch wenn diese an den jeweiligen Stellen nicht als solche gekennzeichnet sind, gelten die entsprechenden gesetzlichen Bestimmungen. Die verwendeten Markennamen und -logos sind Eigentum der Hersteller und unterliegen deren Copyright Bestimmungen. Informationen hierzu entnehmen Sie bitte den Hinweisen der Hersteller auf deren Webseiten.<\/p><\/div>\n\t\t\t\t<\/div>\n\t\t\t\t\t\t\t<div class=\"elementor-accordion-item\">\n\t\t\t\t\t<div id=\"elementor-tab-title-733\" class=\"elementor-tab-title\" data-tab=\"3\" role=\"button\" aria-controls=\"elementor-tab-content-733\" aria-expanded=\"false\">\n\t\t\t\t\t\t\t\t\t\t\t\t\t<span class=\"elementor-accordion-icon elementor-accordion-icon-left\" aria-hidden=\"true\">\n\t\t\t\t\t\t\t\t\t\t\t\t\t\t\t<span class=\"elementor-accordion-icon-closed\"><i class=\"fas fa-caret-square-down\"><\/i><\/span>\n\t\t\t\t\t\t\t\t<span class=\"elementor-accordion-icon-opened\"><i class=\"far fa-play-circle\"><\/i><\/span>\n\t\t\t\t\t\t\t\t\t\t\t\t\t\t<\/span>\n\t\t\t\t\t\t\t\t\t\t\t\t<a class=\"elementor-accordion-title\" tabindex=\"0\">Datenschutz<\/a>\n\t\t\t\t\t<\/div>\n\t\t\t\t\t<div id=\"elementor-tab-content-733\" class=\"elementor-tab-content elementor-clearfix\" data-tab=\"3\" role=\"region\" aria-labelledby=\"elementor-tab-title-733\"><p>DATENSCHUTZ\u00adRICHTLINIE<\/p><p>1. Allgemeine Hinweise<\/p><p>Der Schutz Ihrer pers\u00f6nlichen Daten ist uns ein wichtiges Anliegen. Diese Datenschutzrichtlinie informiert Sie dar\u00fcber, welche personenbezogenen Daten beim Besuch dieser Webseite verarbeitet werden und zu welchem Zweck.<\/p><p>2. Verantwortlicher<\/p><p>Matthias Ahlvers<br \/>Albrechtstr. 127<br \/>12099 Berlin<br \/>Tel. 030- 25324544<br \/>service@ahlversheizungsbau.de<\/p><p>3. Erhebung und Speicherung personenbezogener Daten<\/p><p>Beim Besuch dieser Webseite werden technisch notwendige Daten automatisch erfasst, um den Betrieb der Seite sicherzustellen. Dies umfasst:<br \/>\u2022 IP-Adresse (anonymisiert, sofern m\u00f6glich)<br \/>\u2022 Datum und Uhrzeit des Zugriffs<br \/>\u2022 Browsertyp und -version<br \/>\u2022 Betriebssystem<br \/>\u2022 Referrer-URL (die zuvor besuchte Seite)<\/p><p>Rechtsgrundlage<\/p><p>Die Verarbeitung dieser Daten erfolgt auf Grundlage von Art. 6 Abs. 1 lit. f DSGVO. Unser berechtigtes Interesse liegt in der sicheren und fehlerfreien Bereitstellung dieser Webseite.<\/p><p>Diese Daten werden ausschlie\u00dflich zur Sicherstellung des st\u00f6rungsfreien Betriebs und der Sicherheit der Webseite genutzt. Eine Weitergabe an Dritte erfolgt nicht.<\/p><p>4. Auftragsverarbeitung und Sicherheit<\/p><p>Die technische Betreuung dieser Webseite erfolgt durch starlingmedia .de .<br \/>Im Rahmen eines Auftragsverarbeitungsvertrages stellt starlingmedia die technische Umsetzung sicher, einschlie\u00dflich Wartung und Sicherheitsma\u00dfnahmen.<\/p><p>Einsatz von Wordfence<\/p><p>Zum Schutz vor Angriffen und unbefugten Zugriffen nutzen wir Wordfence, ein Sicherheits-Plugin der Defiant, Inc. Wordfence kann IP-Adressen analysieren und sicherheitsrelevante Daten speichern, um die Webseite zu sch\u00fctzen.<\/p><p>Daten\u00fcbertragung in die USA:<br \/>Die Verarbeitung durch Wordfence kann au\u00dferhalb der EU stattfinden. Die Nutzung erfolgt auf Grundlage von Art. 6 Abs. 1 lit. f DSGVO (berechtigtes Interesse an der Sicherheit der Webseite). Weitere Informationen zur Datenverarbeitung durch Wordfence finden Sie in deren Datenschutzrichtlinie:<br \/>https:\/\/www.wordfence.com\/privacy-policy\/<\/p><p>5. Kommunikation<\/p><p>Eine direkte Kontaktaufnahme ist nur \u00fcber die auf der Webseite angegebenen Telefonnummern m\u00f6glich. Falls Sie eine Nachricht auf dem Anrufbeantworter hinterlassen, werden die aufgezeichneten Daten ausschlie\u00dflich zur Bearbeitung Ihres Anliegens genutzt.<\/p><p>Rechtsgrundlage:<br \/>Die Verarbeitung dieser Daten erfolgt gem\u00e4\u00df Art. 6 Abs. 1 lit. b DSGVO (Vertragserf\u00fcllung oder vorvertragliche Ma\u00dfnahmen).<\/p><p>Die Nachrichten werden regelm\u00e4\u00dfig abgeh\u00f6rt und nach Erledigung des Anliegens gel\u00f6scht, sofern keine weitere Verarbeitung erforderlich ist.<\/p><p>6. Rechte der betroffenen Personen<br \/>Sie haben das Recht auf:<br \/>\u2022 Auskunft \u00fcber die gespeicherten Daten (Art. 15 DSGVO)<br \/>\u2022 Berichtigung falscher Daten (Art. 16 DSGVO)<br \/>\u2022 L\u00f6schung Ihrer Daten, soweit keine gesetzliche Aufbewahrungspflicht besteht (Art. 17 DSGVO)<br \/>\u2022 Einschr\u00e4nkung der Verarbeitung Ihrer Daten (Art. 18 DSGVO)<br \/>\u2022 Widerspruch gegen die Verarbeitung Ihrer Daten (Art. 21 DSGVO)<br \/>Zur Aus\u00fcbung dieser Rechte wenden Sie sich bitte an den oben genannten Verantwortlichen.<\/p><p>Beschwerderecht bei einer Aufsichtsbeh\u00f6rde<br \/>Sie haben zudem das Recht, sich bei einer Datenschutzaufsichtsbeh\u00f6rde zu beschweren, wenn Sie der Ansicht sind, dass die Verarbeitung Ihrer Daten gegen die DSGVO verst\u00f6\u00dft. Zust\u00e4ndig ist die Datenschutzbeh\u00f6rde Ihres Wohnortes oder die f\u00fcr unser Unternehmen zust\u00e4ndige Aufsichtsbeh\u00f6rde (https:\/\/www.datenschutz-berlin.de\/)<\/p><p>7. \u00c4nderungen dieser Datenschutzrichtlinie<br \/>Diese Datenschutzrichtlinie kann gelegentlich aktualisiert werden, um sie an gesetzliche oder technische \u00c4nderungen anzupassen. Die jeweils aktuelle Version finden Sie auf dieser Webseite.<\/p><p>8. Einsatz von Cookies<br \/>Diese Webseite verwendet ausschlie\u00dflich technisch notwendige Cookies zur Gew\u00e4hrleistung der Sicherheit. Dazu geh\u00f6rt der Einsatz von Wordfence, einem Sicherheits-Plugin, das IP-Adressen analysieren kann, um unbefugte Zugriffe zu verhindern.<\/p><p>Diese Webseite verwendet keine Tracking- oder Analyse-Cookies.<\/p><\/div>\n\t\t\t\t<\/div>\n\t\t\t\t\t\t\t<div class=\"elementor-accordion-item\">\n\t\t\t\t\t<div id=\"elementor-tab-title-734\" class=\"elementor-tab-title\" data-tab=\"4\" role=\"button\" aria-controls=\"elementor-tab-content-734\" aria-expanded=\"false\">\n\t\t\t\t\t\t\t\t\t\t\t\t\t<span class=\"elementor-accordion-icon elementor-accordion-icon-left\" aria-hidden=\"true\">\n\t\t\t\t\t\t\t\t\t\t\t\t\t\t\t<span class=\"elementor-accordion-icon-closed\"><i class=\"fas fa-caret-square-down\"><\/i><\/span>\n\t\t\t\t\t\t\t\t<span class=\"elementor-accordion-icon-opened\"><i class=\"far fa-play-circle\"><\/i><\/span>\n\t\t\t\t\t\t\t\t\t\t\t\t\t\t<\/span>\n\t\t\t\t\t\t\t\t\t\t\t\t<a class=\"elementor-accordion-title\" tabindex=\"0\">Cookies<\/a>\n\t\t\t\t\t<\/div>\n\t\t\t\t\t<div id=\"elementor-tab-content-734\" class=\"elementor-tab-content elementor-clearfix\" data-tab=\"4\" role=\"region\" aria-labelledby=\"elementor-tab-title-734\"><p>Cookies<br \/>Unsere Website verwendet ausschlie\u00dflich Cookies, die f\u00fcr die technische Funktion, Sicherheit und einwandfreie Darstellung erforderlich sind. Ohne diese Cookies ist eine Nutzung der Seite nicht m\u00f6glich.<\/p><p>Folgende Dienste setzen Cookies:<br \/>\u2022 WordPress (Automattic Inc., 60 29th Street #343, San Francisco, CA 94110, USA) \u2013 Verwaltung von Sitzungen und Seiteneinstellungen.<br \/>\u2022 Elementor (Elementor Ltd., Tuval St 40, Ramat Gan, 5252247, Israel) \u2013 Premium-Plugin f\u00fcr WordPress, mit erweiterten Tools f\u00fcr eine moderne, grafische Darstellung dynamischer Inhalte.<br \/>\u2022 LSCache (LiteSpeed Technologies Inc., 3131 Princeton Pike, Bldg. 4, Suite 114, Lawrenceville, NJ 08648, USA) \u2013 Caching und Performanceoptimierung.<br \/>\u2022 Google reCAPTCHA (Google Ireland Limited, Gordon House, Barrow Street, Dublin 4, Irland) \u2013 Schutz vor Spam und Missbrauch von Formularen.<br \/>\u2022 Adobe Fonts (Adobe Systems Software Ireland Limited, 4\u20136 Riverwalk, Citywest Business Campus, Dublin 24, Irland) \u2013 Bereitstellung von Schriftarten zur optisch einheitlichen Darstellung.<\/p><p>Wenn Sie die Verwendung dieser Cookies nicht w\u00fcnschen, verlassen Sie bitte diese Website. Weitere Informationen finden Sie in den Datenschutzrichtlinien der genannten Anbieter.<\/p><\/div>\n\t\t\t\t<\/div>\n\t\t\t\t\t\t\t\t<\/div>\n\t\t\t\t\t\t<\/div>\n\t\t\t\t<\/div>\n\t\t\t\t\t<\/div>\n\t\t<\/div>\n\t\t\t\t\t<\/div>\n\t\t<\/section>\n\t\t\t\t<section class=\"elementor-section elementor-top-section elementor-element elementor-element-4ef85cc elementor-section-boxed elementor-section-height-default elementor-section-height-default\" data-id=\"4ef85cc\" data-element_type=\"section\" data-e-type=\"section\">\n\t\t\t\t\t\t<div class=\"elementor-container elementor-column-gap-default\">\n\t\t\t\t\t<div class=\"elementor-column elementor-col-100 elementor-top-column elementor-element elementor-element-480f20a\" data-id=\"480f20a\" data-element_type=\"column\" data-e-type=\"column\">\n\t\t\t<div class=\"elementor-widget-wrap elementor-element-populated\">\n\t\t\t\t\t\t<div class=\"elementor-element elementor-element-055f903 elementor-widget elementor-widget-text-editor\" data-id=\"055f903\" data-element_type=\"widget\" data-e-type=\"widget\" data-widget_type=\"text-editor.default\">\n\t\t\t\t<div class=\"elementor-widget-container\">\n\t\t\t\t\t\t\t\t\t<p>Website made in Berlin from <a href=\"https:\/\/starlingmedia.de\">starlingmedia.de<\/a>.<\/p>\t\t\t\t\t\t\t\t<\/div>\n\t\t\t\t<\/div>\n\t\t\t\t\t<\/div>\n\t\t<\/div>\n\t\t\t\t\t<\/div>\n\t\t<\/section>\n\t\t\t\t<\/div>\n\t\t","protected":false},"excerpt":{"rendered":"<p>Impressum Ahlvers HeizungsbauMatthias Ahlvers Adresse:Albrechtstr. 12712099 Berlin Tel. 030- 25324544service@ahlversheizungsbau.de Markenschutz Die Verwendung von gesch\u00fctzten Markennamen, Handelsnamen, Gebrauchsmuster und Markenlogos auf dieser Webseite stellt keine Urheberrechts-Verletzung dar, sondern dient als illustrativer Hinweis. Auch wenn diese an den jeweiligen Stellen nicht als solche gekennzeichnet sind, gelten die entsprechenden gesetzlichen Bestimmungen. Die verwendeten Markennamen und -logos sind [&hellip;]<\/p>\n","protected":false},"author":1,"featured_media":0,"parent":0,"menu_order":0,"comment_status":"closed","ping_status":"closed","template":"","meta":{"footnotes":""},"class_list":["post-112","page","type-page","status-publish","hentry"],"_links":{"self":[{"href":"https:\/\/ahlversheizungsbau.de\/index.php?rest_route=\/wp\/v2\/pages\/112","targetHints":{"allow":["GET"]}}],"collection":[{"href":"https:\/\/ahlversheizungsbau.de\/index.php?rest_route=\/wp\/v2\/pages"}],"about":[{"href":"https:\/\/ahlversheizungsbau.de\/index.php?rest_route=\/wp\/v2\/types\/page"}],"author":[{"embeddable":true,"href":"https:\/\/ahlversheizungsbau.de\/index.php?rest_route=\/wp\/v2\/users\/1"}],"replies":[{"embeddable":true,"href":"https:\/\/ahlversheizungsbau.de\/index.php?rest_route=%2Fwp%2Fv2%2Fcomments&post=112"}],"version-history":[{"count":106,"href":"https:\/\/ahlversheizungsbau.de\/index.php?rest_route=\/wp\/v2\/pages\/112\/revisions"}],"predecessor-version":[{"id":3124,"href":"https:\/\/ahlversheizungsbau.de\/index.php?rest_route=\/wp\/v2\/pages\/112\/revisions\/3124"}],"wp:attachment":[{"href":"https:\/\/ahlversheizungsbau.de\/index.php?rest_route=%2Fwp%2Fv2%2Fmedia&parent=112"}],"curies":[{"name":"wp","href":"https:\/\/api.w.org\/{rel}","templated":true}]}}